{"id":17,"date":"2023-08-13T11:33:23","date_gmt":"2023-08-13T11:33:23","guid":{"rendered":"https:\/\/xn--fitohnedit-y5a.ch\/?page_id=17"},"modified":"2023-08-13T12:31:24","modified_gmt":"2023-08-13T12:31:24","slug":"ueber-mich","status":"publish","type":"page","link":"https:\/\/xn--fitohnedit-y5a.ch\/?page_id=17","title":{"rendered":"\u00dcber Mich"},"content":{"rendered":"\n<div class=\"wp-block-columns are-vertically-aligned-center is-layout-flex wp-container-core-columns-is-layout-9d6595d7 wp-block-columns-is-layout-flex\">\n<div class=\"wp-block-column is-vertically-aligned-center is-layout-flow wp-block-column-is-layout-flow\">\n<figure class=\"wp-block-image size-full\"><img loading=\"lazy\" decoding=\"async\" width=\"560\" height=\"373\" src=\"https:\/\/xn--fitohnedit-y5a.ch\/wp-content\/uploads\/2023\/08\/FitOhneDiaet_Sabrina-Zanetti_4.png\" alt=\"\" class=\"wp-image-42\" srcset=\"https:\/\/xn--fitohnedit-y5a.ch\/wp-content\/uploads\/2023\/08\/FitOhneDiaet_Sabrina-Zanetti_4.png 560w, https:\/\/xn--fitohnedit-y5a.ch\/wp-content\/uploads\/2023\/08\/FitOhneDiaet_Sabrina-Zanetti_4-300x200.png 300w, https:\/\/xn--fitohnedit-y5a.ch\/wp-content\/uploads\/2023\/08\/FitOhneDiaet_Sabrina-Zanetti_4-90x60.png 90w, https:\/\/xn--fitohnedit-y5a.ch\/wp-content\/uploads\/2023\/08\/FitOhneDiaet_Sabrina-Zanetti_4-480x320.png 480w, https:\/\/xn--fitohnedit-y5a.ch\/wp-content\/uploads\/2023\/08\/FitOhneDiaet_Sabrina-Zanetti_4-420x280.png 420w, https:\/\/xn--fitohnedit-y5a.ch\/wp-content\/uploads\/2023\/08\/FitOhneDiaet_Sabrina-Zanetti_4-520x345.png 520w\" sizes=\"auto, (max-width: 560px) 100vw, 560px\" \/><\/figure>\n<\/div>\n\n\n\n<div class=\"wp-block-column is-vertically-aligned-center is-layout-flow wp-block-column-is-layout-flow\">\n<h2 class=\"wp-block-heading\">Meine Ausbildungen<\/h2>\n\n\n\n<ul class=\"wp-block-list\">\n<li>EMR anerkannte Ern\u00e4hrungsberaterin<\/li>\n\n\n\n<li>LOGI-Coach\u00ae f\u00fcr Pr\u00e4vention und Gewichtsreduktion<\/li>\n\n\n\n<li>Dipl. Physiotherapeutin FH<\/li>\n<\/ul>\n\n\n\n<p>Seit vielen Jahren arbeite ich als Dipl. Physiotherapeutin FH. Ich habe dabei verschiedene Erfahrungen mit vielen Krankheitsbildern gesammelt. Darum habe ich die Ausbildung zur Ern\u00e4hrungsberatung gemacht.<\/p>\n\n\n\n<p>Gerne m\u00f6chte ich mein Wissen mit Ihnen teilen, damit Sie auch profitieren k\u00f6nnen. Dabei habe ich mich gefragt: Welchen Einfluss hat die Ern\u00e4hrung und der Lebensstil auf unsere Gesundheit?<\/p>\n\n\n\n<p>Rufen Sie mich an. Ich freue mich, Sie kennenzulernen.<\/p>\n<\/div>\n<\/div>\n","protected":false},"excerpt":{"rendered":"<p>Meine Ausbildungen Seit vielen Jahren arbeite ich als Dipl. Physiotherapeutin FH. Ich habe dabei verschiedene Erfahrungen mit vielen Krankheitsbildern gesammelt. Darum habe ich die Ausbildung &hellip; <\/p>\n","protected":false},"author":1,"featured_media":0,"parent":0,"menu_order":0,"comment_status":"closed","ping_status":"closed","template":"","meta":{"footnotes":""},"class_list":["post-17","page","type-page","status-publish","hentry","latest_post"],"_links":{"self":[{"href":"https:\/\/xn--fitohnedit-y5a.ch\/index.php?rest_route=\/wp\/v2\/pages\/17","targetHints":{"allow":["GET"]}}],"collection":[{"href":"https:\/\/xn--fitohnedit-y5a.ch\/index.php?rest_route=\/wp\/v2\/pages"}],"about":[{"href":"https:\/\/xn--fitohnedit-y5a.ch\/index.php?rest_route=\/wp\/v2\/types\/page"}],"author":[{"embeddable":true,"href":"https:\/\/xn--fitohnedit-y5a.ch\/index.php?rest_route=\/wp\/v2\/users\/1"}],"replies":[{"embeddable":true,"href":"https:\/\/xn--fitohnedit-y5a.ch\/index.php?rest_route=%2Fwp%2Fv2%2Fcomments&post=17"}],"version-history":[{"count":2,"href":"https:\/\/xn--fitohnedit-y5a.ch\/index.php?rest_route=\/wp\/v2\/pages\/17\/revisions"}],"predecessor-version":[{"id":43,"href":"https:\/\/xn--fitohnedit-y5a.ch\/index.php?rest_route=\/wp\/v2\/pages\/17\/revisions\/43"}],"wp:attachment":[{"href":"https:\/\/xn--fitohnedit-y5a.ch\/index.php?rest_route=%2Fwp%2Fv2%2Fmedia&parent=17"}],"curies":[{"name":"wp","href":"https:\/\/api.w.org\/{rel}","templated":true}]}}