{"id":2,"date":"2023-07-25T13:54:53","date_gmt":"2023-07-25T13:54:53","guid":{"rendered":"https:\/\/xn--fitohnedit-y5a.ch\/?page_id=2"},"modified":"2023-08-13T12:38:09","modified_gmt":"2023-08-13T12:38:09","slug":"sample-page","status":"publish","type":"page","link":"https:\/\/xn--fitohnedit-y5a.ch\/","title":{"rendered":"Home"},"content":{"rendered":"\n<h2 class=\"wp-block-heading has-text-align-center\">Kein Verbot und kein Verzicht, sondern auf Sie angepasst. Freude am Essen ohne schlechtes Gewissen!<\/h2>\n\n\n\n<div style=\"height:50px\" aria-hidden=\"true\" class=\"wp-block-spacer\"><\/div>\n\n\n\n<div class=\"wp-block-columns are-vertically-aligned-center is-layout-flex wp-container-core-columns-is-layout-9d6595d7 wp-block-columns-is-layout-flex\">\n<div class=\"wp-block-column is-vertically-aligned-center is-layout-flow wp-block-column-is-layout-flow\">\n<h4 class=\"wp-block-heading\">Gesund leben &#8211; Krankheit vorbeugen<\/h4>\n\n\n\n<p><strong>Ihre Gesundheit wird durch Ihren Lebensstil, Ihre k\u00f6rperliche Aktivit\u00e4t sowie durch Ihre Ern\u00e4hrung beeinflusst.<\/strong><\/p>\n\n\n\n<p>Wissenschaftler gehen davon aus, dass 70% aller Erkrankungen in den westlichen Industriel\u00e4ndern von Ern\u00e4hrungs- und Lebensstil bedingt sind. Falsche Ern\u00e4hrung, zu wenig Bewegung und \u00dcbergewicht spielen eine grosse Rolle.<\/p>\n<\/div>\n\n\n\n<div class=\"wp-block-column is-vertically-aligned-center is-layout-flow wp-block-column-is-layout-flow\"><div class=\"wp-block-image\">\n<figure class=\"aligncenter size-full\"><img loading=\"lazy\" decoding=\"async\" width=\"601\" height=\"761\" src=\"https:\/\/xn--fitohnedit-y5a.ch\/wp-content\/uploads\/2023\/08\/FitOhneDiaet_Sabrina-Zanetti_1.png\" alt=\"\" class=\"wp-image-37\" srcset=\"https:\/\/xn--fitohnedit-y5a.ch\/wp-content\/uploads\/2023\/08\/FitOhneDiaet_Sabrina-Zanetti_1.png 601w, https:\/\/xn--fitohnedit-y5a.ch\/wp-content\/uploads\/2023\/08\/FitOhneDiaet_Sabrina-Zanetti_1-237x300.png 237w, https:\/\/xn--fitohnedit-y5a.ch\/wp-content\/uploads\/2023\/08\/FitOhneDiaet_Sabrina-Zanetti_1-47x60.png 47w\" sizes=\"auto, (max-width: 601px) 100vw, 601px\" \/><\/figure>\n<\/div><\/div>\n<\/div>\n\n\n\n<div style=\"height:50px\" aria-hidden=\"true\" class=\"wp-block-spacer\"><\/div>\n\n\n\n<div class=\"wp-block-columns are-vertically-aligned-center is-layout-flex wp-container-core-columns-is-layout-9d6595d7 wp-block-columns-is-layout-flex\">\n<div class=\"wp-block-column is-vertically-aligned-center is-layout-flow wp-block-column-is-layout-flow\">\n<figure class=\"wp-block-image size-full\"><img loading=\"lazy\" decoding=\"async\" width=\"598\" height=\"758\" src=\"https:\/\/xn--fitohnedit-y5a.ch\/wp-content\/uploads\/2023\/08\/FitOhneDiaet_Sabrina-Zanetti_2.png\" alt=\"\" class=\"wp-image-38\" srcset=\"https:\/\/xn--fitohnedit-y5a.ch\/wp-content\/uploads\/2023\/08\/FitOhneDiaet_Sabrina-Zanetti_2.png 598w, https:\/\/xn--fitohnedit-y5a.ch\/wp-content\/uploads\/2023\/08\/FitOhneDiaet_Sabrina-Zanetti_2-237x300.png 237w, https:\/\/xn--fitohnedit-y5a.ch\/wp-content\/uploads\/2023\/08\/FitOhneDiaet_Sabrina-Zanetti_2-47x60.png 47w\" sizes=\"auto, (max-width: 598px) 100vw, 598px\" \/><\/figure>\n<\/div>\n\n\n\n<div class=\"wp-block-column is-vertically-aligned-center is-layout-flow wp-block-column-is-layout-flow\">\n<h4 class=\"wp-block-heading\">Entdecken Sie mit mir, dass es anders m\u00f6glich ist!<\/h4>\n\n\n\n<p>Eine <em>gesunde Ern\u00e4hrung<\/em> wird oft mit keiner Freude am Essen und anstrengender Di\u00e4t verbunden.<\/p>\n\n\n\n<p>Meine Ern\u00e4hrungsberatung ber\u00fccksichtigt Ihre pers\u00f6nlichen Bed\u00fcrfnisse und Sie entdecken welches Essen Ihnen Freude macht und Ihrem K\u00f6rper gut tut.<\/p>\n<\/div>\n<\/div>\n\n\n\n<div style=\"height:50px\" aria-hidden=\"true\" class=\"wp-block-spacer\"><\/div>\n\n\n\n<div class=\"wp-block-columns are-vertically-aligned-center is-layout-flex wp-container-core-columns-is-layout-9d6595d7 wp-block-columns-is-layout-flex\">\n<div class=\"wp-block-column is-vertically-aligned-center is-layout-flow wp-block-column-is-layout-flow\">\n<h4 class=\"wp-block-heading\">Angebot<\/h4>\n\n\n\n<p>Mit meiner Hilfe essen Sie gesund und ausgewogen!<\/p>\n\n\n\n<ul class=\"wp-block-list\">\n<li>bei \u00dcbergewicht<\/li>\n\n\n\n<li>bei Ersch\u00f6pfung<\/li>\n\n\n\n<li>bei chronischen Leiden<\/li>\n\n\n\n<li>bei Diabetes mit und ohne Insulin<\/li>\n\n\n\n<li>bei Herz-Kreislauf-Erkrankungen<\/li>\n\n\n\n<li>bei Stoffwechselst\u00f6rungen<\/li>\n\n\n\n<li>bei Rheuma<\/li>\n\n\n\n<li>in der Schwangerschaft und Stillzeit<\/li>\n\n\n\n<li>als Vorbeugung von Krankheiten.<\/li>\n<\/ul>\n\n\n\n<p>Ich begleite Sie gerne auf Ihrem pers\u00f6nlichen Weg.<\/p>\n<\/div>\n\n\n\n<div class=\"wp-block-column is-vertically-aligned-center is-layout-flow wp-block-column-is-layout-flow\">\n<figure class=\"wp-block-image size-full\"><img loading=\"lazy\" decoding=\"async\" width=\"600\" height=\"760\" src=\"https:\/\/xn--fitohnedit-y5a.ch\/wp-content\/uploads\/2023\/08\/FitOhneDiaet_Sabrina-Zanetti_3.png\" alt=\"\" class=\"wp-image-39\" srcset=\"https:\/\/xn--fitohnedit-y5a.ch\/wp-content\/uploads\/2023\/08\/FitOhneDiaet_Sabrina-Zanetti_3.png 600w, https:\/\/xn--fitohnedit-y5a.ch\/wp-content\/uploads\/2023\/08\/FitOhneDiaet_Sabrina-Zanetti_3-237x300.png 237w, https:\/\/xn--fitohnedit-y5a.ch\/wp-content\/uploads\/2023\/08\/FitOhneDiaet_Sabrina-Zanetti_3-47x60.png 47w\" sizes=\"auto, (max-width: 600px) 100vw, 600px\" \/><\/figure>\n<\/div>\n<\/div>\n","protected":false},"excerpt":{"rendered":"<p>Kein Verbot und kein Verzicht, sondern auf Sie angepasst. Freude am Essen ohne schlechtes Gewissen! Gesund leben &#8211; Krankheit vorbeugen Ihre Gesundheit wird durch Ihren &hellip; <\/p>\n","protected":false},"author":1,"featured_media":0,"parent":0,"menu_order":0,"comment_status":"closed","ping_status":"open","template":"","meta":{"footnotes":""},"class_list":["post-2","page","type-page","status-publish","hentry","latest_post"],"_links":{"self":[{"href":"https:\/\/xn--fitohnedit-y5a.ch\/index.php?rest_route=\/wp\/v2\/pages\/2","targetHints":{"allow":["GET"]}}],"collection":[{"href":"https:\/\/xn--fitohnedit-y5a.ch\/index.php?rest_route=\/wp\/v2\/pages"}],"about":[{"href":"https:\/\/xn--fitohnedit-y5a.ch\/index.php?rest_route=\/wp\/v2\/types\/page"}],"author":[{"embeddable":true,"href":"https:\/\/xn--fitohnedit-y5a.ch\/index.php?rest_route=\/wp\/v2\/users\/1"}],"replies":[{"embeddable":true,"href":"https:\/\/xn--fitohnedit-y5a.ch\/index.php?rest_route=%2Fwp%2Fv2%2Fcomments&post=2"}],"version-history":[{"count":7,"href":"https:\/\/xn--fitohnedit-y5a.ch\/index.php?rest_route=\/wp\/v2\/pages\/2\/revisions"}],"predecessor-version":[{"id":49,"href":"https:\/\/xn--fitohnedit-y5a.ch\/index.php?rest_route=\/wp\/v2\/pages\/2\/revisions\/49"}],"wp:attachment":[{"href":"https:\/\/xn--fitohnedit-y5a.ch\/index.php?rest_route=%2Fwp%2Fv2%2Fmedia&parent=2"}],"curies":[{"name":"wp","href":"https:\/\/api.w.org\/{rel}","templated":true}]}}