{"id":23,"date":"2023-08-13T11:39:02","date_gmt":"2023-08-13T11:39:02","guid":{"rendered":"https:\/\/xn--fitohnedit-y5a.ch\/?page_id=23"},"modified":"2023-12-02T15:58:04","modified_gmt":"2023-12-02T15:58:04","slug":"preise","status":"publish","type":"page","link":"https:\/\/xn--fitohnedit-y5a.ch\/?page_id=23","title":{"rendered":"Preise"},"content":{"rendered":"\n<div class=\"wp-block-columns are-vertically-aligned-center is-layout-flex wp-container-core-columns-is-layout-9d6595d7 wp-block-columns-is-layout-flex\">\n<div class=\"wp-block-column is-vertically-aligned-center is-layout-flow wp-block-column-is-layout-flow\">\n<figure class=\"wp-block-image size-full\"><img loading=\"lazy\" decoding=\"async\" width=\"559\" height=\"373\" src=\"https:\/\/xn--fitohnedit-y5a.ch\/wp-content\/uploads\/2023\/08\/FitOhneDiaet_Sabrina-Zanetti_5.png\" alt=\"\" class=\"wp-image-44\" srcset=\"https:\/\/xn--fitohnedit-y5a.ch\/wp-content\/uploads\/2023\/08\/FitOhneDiaet_Sabrina-Zanetti_5.png 559w, https:\/\/xn--fitohnedit-y5a.ch\/wp-content\/uploads\/2023\/08\/FitOhneDiaet_Sabrina-Zanetti_5-300x200.png 300w, https:\/\/xn--fitohnedit-y5a.ch\/wp-content\/uploads\/2023\/08\/FitOhneDiaet_Sabrina-Zanetti_5-90x60.png 90w, https:\/\/xn--fitohnedit-y5a.ch\/wp-content\/uploads\/2023\/08\/FitOhneDiaet_Sabrina-Zanetti_5-480x320.png 480w, https:\/\/xn--fitohnedit-y5a.ch\/wp-content\/uploads\/2023\/08\/FitOhneDiaet_Sabrina-Zanetti_5-420x280.png 420w\" sizes=\"auto, (max-width: 559px) 100vw, 559px\" \/><\/figure>\n<\/div>\n\n\n\n<div class=\"wp-block-column is-vertically-aligned-center is-layout-flow wp-block-column-is-layout-flow\">\n<p>Fr. 140.- \/ 55 Minuten<\/p>\n\n\n\n<p>Das Erstgespr\u00e4ch dauert 60-90 Minuten, sp\u00e4ter sind auch k\u00fcrzere Beratungen m\u00f6glich.<\/p>\n\n\n\n<p>Fragen Sie Ihre Krankenkasse!<br>Ich verf\u00fcge \u00fcber die EMR-Anerkennung. Viele Krankenkassen bezahlen \u00fcber die Zusatzversicherung einen Beitrag an die Behandlung.<\/p>\n<\/div>\n<\/div>\n\n\n\n<p><\/p>\n","protected":false},"excerpt":{"rendered":"<p>Fr. 140.- \/ 55 Minuten Das Erstgespr\u00e4ch dauert 60-90 Minuten, sp\u00e4ter sind auch k\u00fcrzere Beratungen m\u00f6glich. Fragen Sie Ihre Krankenkasse!Ich verf\u00fcge \u00fcber die EMR-Anerkennung. Viele &hellip; <\/p>\n","protected":false},"author":1,"featured_media":0,"parent":0,"menu_order":0,"comment_status":"closed","ping_status":"closed","template":"","meta":{"footnotes":""},"class_list":["post-23","page","type-page","status-publish","hentry","latest_post"],"_links":{"self":[{"href":"https:\/\/xn--fitohnedit-y5a.ch\/index.php?rest_route=\/wp\/v2\/pages\/23","targetHints":{"allow":["GET"]}}],"collection":[{"href":"https:\/\/xn--fitohnedit-y5a.ch\/index.php?rest_route=\/wp\/v2\/pages"}],"about":[{"href":"https:\/\/xn--fitohnedit-y5a.ch\/index.php?rest_route=\/wp\/v2\/types\/page"}],"author":[{"embeddable":true,"href":"https:\/\/xn--fitohnedit-y5a.ch\/index.php?rest_route=\/wp\/v2\/users\/1"}],"replies":[{"embeddable":true,"href":"https:\/\/xn--fitohnedit-y5a.ch\/index.php?rest_route=%2Fwp%2Fv2%2Fcomments&post=23"}],"version-history":[{"count":3,"href":"https:\/\/xn--fitohnedit-y5a.ch\/index.php?rest_route=\/wp\/v2\/pages\/23\/revisions"}],"predecessor-version":[{"id":74,"href":"https:\/\/xn--fitohnedit-y5a.ch\/index.php?rest_route=\/wp\/v2\/pages\/23\/revisions\/74"}],"wp:attachment":[{"href":"https:\/\/xn--fitohnedit-y5a.ch\/index.php?rest_route=%2Fwp%2Fv2%2Fmedia&parent=23"}],"curies":[{"name":"wp","href":"https:\/\/api.w.org\/{rel}","templated":true}]}}